{"id":56,"date":"2016-11-08T21:32:05","date_gmt":"2016-11-08T20:32:05","guid":{"rendered":"http:\/\/raete24.com\/wordpress\/?page_id=56"},"modified":"2022-11-16T21:56:10","modified_gmt":"2022-11-16T20:56:10","slug":"rahartmann","status":"publish","type":"page","link":"https:\/\/raete24.com\/?page_id=56","title":{"rendered":"Rechtsanwaltskanzlei Wolfgang Hartmann"},"content":{"rendered":"\n<p>Rechtsanwalt Wolfgang Hartmann sammelte erste Erfahrungen bei international t\u00e4tigen Wirtschaftspr\u00fcfungsgesellschaften und einer mittelst\u00e4ndischen Steuerkanzlei, bevor er im Jahr 2002 die Kanzlei gr\u00fcndete. Seit der Gr\u00fcndung betreut die Kanzlei einen stetig wachsenden Mandantenstamm aus Privatpersonen, Einzelunternehmen sowie nationale und internationale Personen- und Kapitalgesellschaften in einer Vielzahl von Branchen, wie z.B. Informationstechnologie (IT), Logistik, Gro\u00df- und Einzelhandel, Kfz-Betriebe, Dienstleistungsunternehmen und Gesundheit (Arztpraxen und Apotheken sowie Dienstleistungsbetriebe im Gesundheitswesen und Heilpraktiker)<\/p>\n\n\n\n<h2><strong>Rechtsanwalt Wolfgang Hartmann<\/strong><\/h2>\n\n\n\n<h3><img decoding=\"async\" loading=\"lazy\" class=\"alignright wp-image-274 size-medium\" src=\"http:\/\/raete24.com\/wp-content\/uploads\/2017\/01\/Bild-Wolfgang-neu-212x300.jpg\" width=\"212\" height=\"300\" srcset=\"https:\/\/raete24.com\/wp-content\/uploads\/2017\/01\/Bild-Wolfgang-neu-212x300.jpg 212w, https:\/\/raete24.com\/wp-content\/uploads\/2017\/01\/Bild-Wolfgang-neu-768x1085.jpg 768w, https:\/\/raete24.com\/wp-content\/uploads\/2017\/01\/Bild-Wolfgang-neu-725x1024.jpg 725w\" sizes=\"(max-width: 212px) 100vw, 212px\" \/><\/h3>\n\n\n\n<p>Fachanwalt f\u00fcr Steuerrecht<br>zugelassen bei der Rechtsanwaltskammer M\u00fcnchen<\/p>\n\n\n\n<p>Rechtsgebiete:<\/p>\n\n\n\n<p class=\"has-text-align-left\"><a href=\"http:\/\/raete24.com\/?page_id=236\">Steuerrecht<\/a><br><a href=\"http:\/\/raete24.com\/?page_id=101\">Erbrecht<\/a><br><a href=\"http:\/\/raete24.com\/?page_id=118\">Gesellschaftsrecht<\/a><br><a href=\"http:\/\/raete24.com\/?page_id=121\">Vertragsrecht<\/a><\/p>\n\n\n\n\n\n\n\n<h2><strong>Rechtsanw\u00e4ltin Astrid Hartmann<\/strong><\/h2>\n\n\n<div class=\"wp-block-image\">\n<figure class=\"alignright\"><img decoding=\"async\" loading=\"lazy\" width=\"226\" height=\"300\" src=\"http:\/\/raete24.com\/wp-content\/uploads\/2017\/01\/Bild-Astrid-neu-226x300.jpg\" alt=\"\" class=\"wp-image-273\" srcset=\"https:\/\/raete24.com\/wp-content\/uploads\/2017\/01\/Bild-Astrid-neu-226x300.jpg 226w, https:\/\/raete24.com\/wp-content\/uploads\/2017\/01\/Bild-Astrid-neu-768x1018.jpg 768w, https:\/\/raete24.com\/wp-content\/uploads\/2017\/01\/Bild-Astrid-neu-773x1024.jpg 773w\" sizes=\"(max-width: 226px) 100vw, 226px\" \/><\/figure><\/div>\n\n\n<p>zugelassen bei der Rechtsanwaltskammer M\u00fcnchen<\/p>\n\n\n\n<p>Rechtsgebiete:<\/p>\n\n\n\n<p><a href=\"http:\/\/raete24.com\/?page_id=111\">Arbeitsrecht<\/a><br><a href=\"http:\/\/raete24.com\/?page_id=106\">Verkehrszivilrecht<\/a><\/p>\n\n\n\n<p><\/p>\n\n\n\n<p><\/p>\n\n\n\n<p><\/p>\n\n\n\n<p><a href=\"http:\/\/raete24.com\/\">zur\u00fcck<\/a><\/p>\n","protected":false},"excerpt":{"rendered":"<p>Rechtsanwalt Wolfgang Hartmann sammelte erste Erfahrungen bei international t\u00e4tigen Wirtschaftspr\u00fcfungsgesellschaften und einer mittelst\u00e4ndischen Steuerkanzlei, bevor er im Jahr 2002 die Kanzlei gr\u00fcndete. Seit der Gr\u00fcndung betreut die Kanzlei einen stetig wachsenden Mandantenstamm aus Privatpersonen, Einzelunternehmen sowie nationale und internationale Personen- und Kapitalgesellschaften in einer Vielzahl von Branchen, wie z.B. Informationstechnologie (IT), Logistik, Gro\u00df- und Einzelhandel, [&hellip;]<\/p>\n","protected":false},"author":1,"featured_media":0,"parent":0,"menu_order":0,"comment_status":"closed","ping_status":"closed","template":"","meta":[],"_links":{"self":[{"href":"https:\/\/raete24.com\/index.php?rest_route=\/wp\/v2\/pages\/56"}],"collection":[{"href":"https:\/\/raete24.com\/index.php?rest_route=\/wp\/v2\/pages"}],"about":[{"href":"https:\/\/raete24.com\/index.php?rest_route=\/wp\/v2\/types\/page"}],"author":[{"embeddable":true,"href":"https:\/\/raete24.com\/index.php?rest_route=\/wp\/v2\/users\/1"}],"replies":[{"embeddable":true,"href":"https:\/\/raete24.com\/index.php?rest_route=%2Fwp%2Fv2%2Fcomments&post=56"}],"version-history":[{"count":44,"href":"https:\/\/raete24.com\/index.php?rest_route=\/wp\/v2\/pages\/56\/revisions"}],"predecessor-version":[{"id":451,"href":"https:\/\/raete24.com\/index.php?rest_route=\/wp\/v2\/pages\/56\/revisions\/451"}],"wp:attachment":[{"href":"https:\/\/raete24.com\/index.php?rest_route=%2Fwp%2Fv2%2Fmedia&parent=56"}],"curies":[{"name":"wp","href":"https:\/\/api.w.org\/{rel}","templated":true}]}}