{"id":65,"date":"2016-11-09T17:16:33","date_gmt":"2016-11-09T16:16:33","guid":{"rendered":"http:\/\/raete24.com\/wordpress\/?page_id=65"},"modified":"2021-02-15T10:03:03","modified_gmt":"2021-02-15T09:03:03","slug":"impressum","status":"publish","type":"page","link":"https:\/\/raete24.com\/?page_id=65","title":{"rendered":"Impressum"},"content":{"rendered":"\n<h3><span style=\"font-family: arial, helvetica, sans-serif; font-size: 18pt;\">Kanzleien der B\u00fcrogemeinschaft<\/span><\/h3>\n<p><span style=\"font-family: arial, helvetica, sans-serif;\"><strong>Rechtsanwaltskanzlei<\/strong><\/span><br \/><span style=\"font-family: arial, helvetica, sans-serif;\"> Inhaber: <a href=\"http:\/\/raete24.com\/?page_id=56\">Wolfgang Hartmann<\/a><\/span><br \/><span style=\"font-family: arial, helvetica, sans-serif;\"> Angestellte Rechtsanw\u00e4ltin: <a href=\"http:\/\/raete24.com\/?page_id=56\">Astrid Hartmann<\/a><\/span><\/p>\n<p><span style=\"font-family: arial, helvetica, sans-serif;\"><strong>Steuerberater<\/strong> <a href=\"http:\/\/raete24.com\/?page_id=93\">Dipl.-Kfm. Hannes Schmid<\/a><\/span><\/p>\n<p><span style=\"font-family: arial, helvetica, sans-serif;\"><strong>Steuerberater<\/strong> <a href=\"http:\/\/raete24.com\/?page_id=95\">Dr. Helmut Hausladen<\/a><\/span><\/p>\n<p><span style=\"font-size: 12pt; font-family: arial, helvetica, sans-serif;\"><strong>Anschrift<\/strong>: R\u00e4terstr. 24<\/span><br \/><span style=\"font-size: 12pt; font-family: arial, helvetica, sans-serif;\"> 85551 Kirchheim-Heimstetten<br \/><\/span><br \/><span style=\"font-size: 12pt; font-family: arial, helvetica, sans-serif;\"> <strong>Telefon<\/strong>: +49 (89) 900 991-0<\/span><br \/><span style=\"font-size: 12pt; font-family: arial, helvetica, sans-serif;\"> <strong>Fax<\/strong>: \u00a0 \u00a0 \u00a0 +49 (89) 900 991-10<\/span><br \/><span style=\"font-size: 12pt; font-family: arial, helvetica, sans-serif;\"> <strong>E-Mail<\/strong>: \u00a0 <a href=\"mailto:info@raete24.com\">info@raete24.com<\/a><\/span><\/p>\n<h3><span style=\"font-size: 18pt; font-family: arial, helvetica, sans-serif;\">Zust\u00e4ndige Kammern:<\/span><\/h3>\n<p><span style=\"font-size: 12pt; font-family: arial, helvetica, sans-serif;\">Die Rechtsanw\u00e4lte der Rechtsanwaltskanzlei Hartmann sind nach dem Recht der Bundesrepublik Deutschland als Rechtsanw\u00e4lte zugelassen und geh\u00f6ren der Rechtsanwaltskammer M\u00fcnchen an:<\/span><br \/><span style=\"font-size: 12pt; font-family: arial, helvetica, sans-serif;\"> Rechtsanwaltskammer f\u00fcr den Oberlandesgerichtsbezirk M\u00fcnchen<\/span><br \/><span style=\"font-size: 12pt; font-family: arial, helvetica, sans-serif;\"> Tal 33, 80331 M\u00fcnchen<\/span><br \/><span style=\"font-size: 12pt; font-family: arial, helvetica, sans-serif;\"> Tel +49 89 53 29 44 0<\/span><br \/><span style=\"font-size: 12pt; font-family: arial, helvetica, sans-serif;\"> Fax +49 89 53 29 44 28<\/span><br \/><span style=\"font-size: 12pt; font-family: arial, helvetica, sans-serif;\"> info@rak-muenchen.de<\/span><br \/><span style=\"font-size: 12pt; font-family: arial, helvetica, sans-serif;\"> www.rechtsanwaltskammer-muenchen.de<\/span><\/p>\n<p><span style=\"font-size: 12pt; font-family: arial, helvetica, sans-serif;\">Die Steuerberater Dipl.-Kfm. Hannes Schmid und Dr. Helmut Hausladen sind nach dem Recht der Bundesrepublik Deutschland als Steuerberater zugelassen und geh\u00f6ren der Steuerberaterkammer M\u00fcnchen an:<\/span><br \/><span style=\"font-size: 12pt; font-family: arial, helvetica, sans-serif;\"> Steuerberaterkammer M\u00fcnchen<\/span><br \/><span style=\"font-size: 12pt; font-family: arial, helvetica, sans-serif;\"> Nederlinger Str. 9, 80638 M\u00fcnchen<\/span><br \/><span style=\"font-size: 12pt; font-family: arial, helvetica, sans-serif;\"> Tel: +49 89 15 79 02-0<\/span><br \/><span style=\"font-size: 12pt; font-family: arial, helvetica, sans-serif;\"> Fax: +49 89 15 79 02-19<\/span><br \/><span style=\"font-size: 12pt; font-family: arial, helvetica, sans-serif;\"> info@stbk-muc.de<\/span><br \/><span style=\"font-size: 12pt; font-family: arial, helvetica, sans-serif;\"> <u>www.steuerberaterkammer-muenchen.de<\/u><\/span><\/p>\n<h3><span style=\"font-size: 18pt; font-family: arial, helvetica, sans-serif;\">Berufsrechtliche Regelungen:<\/span><\/h3>\n<p><span style=\"font-size: 12pt; font-family: arial, helvetica, sans-serif;\"><strong>Rechtsanw\u00e4lte:<\/strong><\/span><br \/><span style=\"font-family: arial, helvetica, sans-serif;\"> <span style=\"font-size: 12pt;\">Bundesrechtsanwaltsordnung<\/span><span style=\"font-size: 12pt;\"> (<\/span><u><a href=\"http:\/\/www.gesetze-im-internet.de\/brao\/index.html\"><span class=\"tm7\">BRAO<\/span><\/a><\/u><span style=\"font-size: 12pt;\">)<\/span><\/span><br \/><span style=\"font-family: arial, helvetica, sans-serif;\"> <span style=\"font-size: 12pt;\">Berufsordnung f\u00fcr Rechtsanw\u00e4lte (<\/span><u><a href=\"http:\/\/www.brak.de\/w\/files\/02_fuer_anwaelte\/berufsrecht\/bora-stand-01.07.15.pdf\"><span class=\"tm7\">BORA<\/span><\/a><\/u><span style=\"font-size: 12pt;\">)<\/span><\/span><br \/><span style=\"font-family: arial, helvetica, sans-serif;\"> <span style=\"font-size: 12pt;\">Fachanwaltsordnung (<\/span><u><span class=\"tm7\"><a href=\"http:\/\/www.brak.de\/w\/files\/02_fuer_anwaelte\/berufsrecht\/fao_stand_01.03.2016.pdf\">FAO<\/a><\/span><\/u>)<\/span><br \/><span style=\"font-family: arial, helvetica, sans-serif;\"> <span style=\"font-size: 12pt;\">Rechtsanwaltsverg\u00fctungsgesetz (<\/span><u><a href=\"https:\/\/www.gesetze-im-internet.de\/rvg\/\"><span class=\"tm7\">RVG<\/span><\/a><\/u><span style=\"font-size: 12pt;\">)<\/span><\/span><br \/><span style=\"font-family: arial, helvetica, sans-serif;\"> <span style=\"font-size: 12pt;\">Berufsregeln der Rechtsanw\u00e4lte der Europ\u00e4ischen Union (<\/span><u><a href=\"http:\/\/www.brak.de\/w\/files\/02_fuer_anwaelte\/Berufsregeln_Mai 2006_090615.pdf\"><span class=\"tm7\">CCBE<\/span><\/a><\/u><span style=\"font-size: 12pt;\">)<\/span><\/span><br \/><span style=\"font-family: arial, helvetica, sans-serif;\"> <span style=\"font-size: 12pt;\">Gesetz \u00fcber die T\u00e4tigkeit europ\u00e4ischer Rechtsanw\u00e4lte in Deutschland (<\/span><u><a href=\"http:\/\/www.gesetze-im-internet.de\/eurag\/index.html\"><span class=\"tm7\">EuRAG<\/span><\/a><\/u><span style=\"font-size: 12pt;\">)<\/span><\/span><br \/><span style=\"font-size: 12pt; font-family: arial, helvetica, sans-serif;\"> Die berufsrechtlichen Regelungen k\u00f6nnen auf der Homepage der Bundesrechtsanwaltskammer <a href=\"http:\/\/www.brak.de\">www.brak.de<\/a>,\u00a0dort Unterseite &#8222;Berufsrecht&#8220; eingesehen werden<\/span><\/p>\n<p><span style=\"font-family: arial, helvetica, sans-serif;\"><span style=\"font-size: 12pt;\"><strong>Steuerberater:<\/strong><br \/><\/span><span style=\"font-size: 12pt;\">Steuerberatungsgesetz (<\/span><u><a href=\"https:\/\/www.gesetze-im-internet.de\/stberg\/\"><span class=\"tm7\">StBerG<\/span><\/a><\/u><span style=\"font-size: 12pt;\">)<br \/><\/span><span style=\"font-size: 12pt;\">Durchf\u00fchrungsverordnung zum Steuerberatungsgesetz (<\/span><u><a href=\"https:\/\/www.gesetze-im-internet.de\/stbdv\/\"><span class=\"tm7\">DVStB<\/span><\/a><\/u><span style=\"font-size: 12pt;\">)<br \/><\/span><span style=\"font-size: 12pt;\">Berufsordnung f\u00fcr Steuerberater und Steuerbevollm\u00e4chtigte inklusive Fachberaterordnung (<\/span><u><a href=\"https:\/\/www.bstbk.de\/export\/sites\/standard\/de\/ressourcen\/Dokumente\/04_presse\/publikationen\/03_berufsrecht\/02-Berufsordnung.pdf\"><span class=\"tm7\">BOStB<\/span><\/a><\/u><span style=\"font-size: 12pt;\">)<br \/><\/span><span style=\"font-size: 12pt;\">Steuerberaterverg\u00fctungsverordnung (<\/span><u><a href=\"https:\/\/www.gesetze-im-internet.de\/stbgebv\/BJNR014420981.html\"><span class=\"tm7\">StBVV<\/span><\/a><\/u><span style=\"font-size: 12pt;\">)<br \/><\/span><span style=\"font-size: 12pt;\">Die berufsrechtlichen Regelungen k\u00f6nnen auf der Homepage der Bundessteuerberaterkammer <a href=\"http:\/\/www.bstbk.de\">www.bstbk.de<\/a>, dort Unterseite &#8222;Berufsrecht&#8220; eingesehen werden.<\/span><\/span><\/p>\n<h3><span style=\"font-family: arial, helvetica, sans-serif; font-size: 18pt;\">Berufshaftpflichtversicherung und weitere Angaben<\/span><\/h3>\n<p><span style=\"font-family: arial, helvetica, sans-serif;\"><strong>Rechtsanwaltskanzlei Wolfgang Hartmann:<\/strong><\/span><br \/><span style=\"font-family: arial, helvetica, sans-serif;\"> Die Berufshaftpflichtversicherung besteht bei der Versicherungskammer Bayern.<\/span><br \/><span style=\"font-family: arial, helvetica, sans-serif;\"> Der r\u00e4umliche Geltungsbereich des Versicherungsschutzes umfasst T\u00e4tigkeiten in den Mitgliedsl\u00e4ndern der Europ\u00e4ischen Union und gen\u00fcgt so mindestens den Anforderungen der \u00a7 51 Bundesrechtsanwaltsordnung (<u><a href=\"http:\/\/www.gesetze-im-internet.de\/brao\/index.html\"><span class=\"tm7\">BRAO<\/span><\/a><\/u>).<\/span><\/p>\n<p><span style=\"font-family: arial, helvetica, sans-serif;\"><strong>Steuerberater Dipl.-Kfm. Hannes Schmid:<\/strong><\/span><br \/><span style=\"font-family: arial, helvetica, sans-serif;\"> Die Berufshaftpflichtversicherung besteht bei der HDI Versicherungs-Aktiengesellschaft<\/span><br \/><span style=\"font-family: arial, helvetica, sans-serif;\"> Der Versicherungsschutz gen\u00fcgt insbesondere im Hinblick auf den r\u00e4umlichen Geltungsbereich mindestens den Anforderungen der \u00a7 67 Steuerberatungsgesetz (<u><a href=\"https:\/\/www.gesetze-im-internet.de\/stberg\/\"><span class=\"tm7\">StBerG<\/span><\/a><\/u>), \u00a7\u00a7 51 ff. Verordnung zur Durchf\u00fchrung der Vorschriften \u00fcber Steuerberater, Steuerbevollm\u00e4chtigte und Steuerberatungsgesellschaften (<a href=\"https:\/\/www.gesetze-im-internet.de\/stbdv\/\">DvStB<\/a>).<br \/><\/span><span style=\"font-family: Arial;\">Umsatzsteuer-Ident.-Nummer: <\/span><span style=\"font-family: arial,helvetica,sans-serif;\">DE 186689808<\/span><\/p>\n<p><span style=\"font-family: arial, helvetica, sans-serif;\"><strong>Steuerberater Dr. Helmut Hausladen:<\/strong><\/span><br \/><span style=\"font-family: arial, helvetica, sans-serif;\"> Die Berufshaftpflichtversicherung besteht bei der Allianz Versicherungs-Aktiengesellschaft<br \/><\/span><span style=\"font-family: arial, helvetica, sans-serif;\">Der Versicherungsschutz gen\u00fcgt insbesondere im Hinblick auf den r\u00e4umlichen Geltungsbereich mindestens den Anforderungen der \u00a7 67 Steuerberatungsgesetz (<u><a href=\"https:\/\/www.gesetze-im-internet.de\/stberg\/\"><span class=\"tm7\">StBerG<\/span><\/a><\/u>), \u00a7\u00a7 51 ff. Verordnung zur Durchf\u00fchrung der Vorschriften \u00fcber Steuerberater, Steuerbevollm\u00e4chtigte und Steuerberatungsgesellschaften (<a href=\"https:\/\/www.gesetze-im-internet.de\/stbdv\/\">DvStB<\/a>).<\/span><br \/><span style=\"font-family: arial, helvetica, sans-serif;\"> Umsatzsteuer-Ident.-Nummer: DE199349632<\/span><\/p>\n<p><span style=\"font-family: arial, helvetica, sans-serif;\"><strong>Inhaltlich Verantwortlicher<\/strong> gem\u00e4\u00df \u00a7 10 Absatz 3 MDStV und \u00a7 55 Abs. 2 RStV: Wolfgang Hartmann (Anschrift\/Kontaktdaten wie oben)<\/span><\/p>\n<h3><span style=\"font-family: arial, helvetica, sans-serif; font-size: 18pt;\">Rechtliches<\/span><\/h3>\n<p><span style=\"font-family: arial, helvetica, sans-serif;\"><strong>Disclaimer \/ Haftung:<\/strong><\/span><br \/><span style=\"font-family: arial, helvetica, sans-serif;\"> Die Rechtsanw\u00e4lte und Steuerberater der B\u00fcrogemeinschaft \u201eraete24.com\u201c sind stets bestrebt, auf dieser Webpr\u00e4senz korrekte und vollst\u00e4ndige Informationen darzustellen. Die Rechtsanw\u00e4lte und Steuerberater der B\u00fcrogemeinschaft \u201eraete24.com\u201c \u00fcbernimmt jedoch keine Gew\u00e4hr f\u00fcr die Richtigkeit, Aktualit\u00e4t und Vollst\u00e4ndigkeit der Informationen dieser Webpr\u00e4senz.<\/span><br \/><span style=\"font-family: arial, helvetica, sans-serif;\"> Die Rechtsanw\u00e4lte und Steuerberater der B\u00fcrogemeinschaft \u201eraete24.com\u201c B\u00fcrogemeinschaft \u201eraete24.com\u201c behalten sich das Recht vor, ohne vorherige Ank\u00fcndigung \u00c4nderungen oder Erg\u00e4nzungen der auf dieser Webpr\u00e4senz bereitgestellten Informationen vorzunehmen.<\/span><br \/><span style=\"font-family: arial, helvetica, sans-serif;\"> Die auf dieser Webpr\u00e4senz publizierten Informationen stellen weder eine Rechtsberatung via Internet dar, noch gelten diese als Aufforderung zur Online-Rechtsberatung.<\/span><br \/><span style=\"font-family: arial, helvetica, sans-serif;\"> Im Weiteren \u00fcbernehmen die Rechtsanw\u00e4lte und Steuerberater der B\u00fcrogemeinschaft \u201eraete24.com\u201c B\u00fcrogemeinschaft \u201eraete24.com\u201c keine Gew\u00e4hr f\u00fcr die Richtigkeit, Aktualit\u00e4t und Vollst\u00e4ndigkeit der Informationen, welche auf Websites\/-pr\u00e4senzen abrufbar sind, auf die diese Webpr\u00e4senz in Form eines klickbaren oder nicht klickbaren Hyperlinks verweist. Auf Inhalte externer Websites\/-p\u00e4senzen haben die Rechtsanw\u00e4lte und Steuerberater der B\u00fcrogemeinschaft \u201eraete24.com\u201c keinerlei Einfluss.<\/span><\/p>\n<p><strong>Verbraucherschlichtungsstelle<\/strong><br \/>Die EU-Kommission hat eine Internetplattform zur Online-Beilegung von Streitigkeiten (&#8222;OS-Plattform&#8220;) zwischen Unternehmern und Verbrauchern eingerichtet.<br \/>Diese OS-Plattform ist erreichbar unter:<br \/><a href=\"https:\/\/ec.europa.eu\/consumers\/odr\/main\/index.cfm?event=main.home2.show&amp;lng=DE\" target=\"_blank\" rel=\"noopener\"><span style=\"color: #3366ff;\">https:\/\/ec.europa.eu\/consumers\/odr\/main\/index.cfm?event=main.home2.show&amp;lng=DE<\/span><\/a><br \/>Wir sind nicht verpflichtet und auch nicht bereit, an einem Streitbeilegungsverfahren vor einer Verbraucherschlichtungsstelle teilzunehmen.<\/p>\n<p><span style=\"font-family: arial, helvetica, sans-serif;\"><strong>Urheberrecht:<\/strong><\/span><br \/><span style=\"font-family: arial, helvetica, sans-serif;\"> Der Inhalt dieser Website ist urheberrechtlich gesch\u00fctzt. Es werden alle Rechte vorbehalten.<\/span><br \/><span style=\"font-family: arial, helvetica, sans-serif;\"> Das Urheberrecht f\u00fcr auf dieser Website dargestellte Objekte (Texte, Fotografien, Grafiken) bleibt allein beim Autor der Seiten. Nachdruck, Vervielf\u00e4ltigung oder Verwendung der genannten Objekte in elektronischen oder gedruckten Medien ist ausschlie\u00dflich nach unserer vorherigen ausdr\u00fccklichen schriftlichen Zustimmung gestattet.<\/span><br \/><span style=\"font-family: arial, helvetica, sans-serif;\"> Sofern Teile des Textes der geltenden Rechtslage nicht, nicht mehr oder nicht vollst\u00e4ndig entsprechen sollten, bleiben die \u00fcbrigen Teile des Dokuments in ihrem Inhalt und ihrer G\u00fcltigkeit davon unber\u00fchrt.<\/span><\/p>\n<p><span style=\"font-family: arial, helvetica, sans-serif;\"><strong>Datenschutz:<\/strong><\/span><br \/><span style=\"font-family: arial, helvetica, sans-serif;\">\u00a0siehe Datenschutzerkl\u00e4rung<\/span><\/p>\n<p><span style=\"font-family: arial, helvetica, sans-serif;\"><strong>Kommunikation \u00fcber E-Mail:<\/strong><\/span><br \/><span style=\"font-family: arial, helvetica, sans-serif;\"> \u00a0siehe Datenschutzerkl\u00e4rung<\/span><\/p>\n","protected":false},"excerpt":{"rendered":"<p>Kanzleien der B\u00fcrogemeinschaft Rechtsanwaltskanzlei Inhaber: Wolfgang Hartmann Angestellte Rechtsanw\u00e4ltin: Astrid Hartmann Steuerberater Dipl.-Kfm. Hannes Schmid Steuerberater Dr. Helmut Hausladen Anschrift: R\u00e4terstr. 24 85551 Kirchheim-Heimstetten Telefon: +49 (89) 900 991-0 Fax: \u00a0 \u00a0 \u00a0 +49 (89) 900 991-10 E-Mail: \u00a0 info@raete24.com Zust\u00e4ndige Kammern: Die Rechtsanw\u00e4lte der Rechtsanwaltskanzlei Hartmann sind nach dem Recht der Bundesrepublik Deutschland als [&hellip;]<\/p>\n","protected":false},"author":1,"featured_media":0,"parent":0,"menu_order":0,"comment_status":"closed","ping_status":"closed","template":"page-full.php","meta":[],"_links":{"self":[{"href":"https:\/\/raete24.com\/index.php?rest_route=\/wp\/v2\/pages\/65"}],"collection":[{"href":"https:\/\/raete24.com\/index.php?rest_route=\/wp\/v2\/pages"}],"about":[{"href":"https:\/\/raete24.com\/index.php?rest_route=\/wp\/v2\/types\/page"}],"author":[{"embeddable":true,"href":"https:\/\/raete24.com\/index.php?rest_route=\/wp\/v2\/users\/1"}],"replies":[{"embeddable":true,"href":"https:\/\/raete24.com\/index.php?rest_route=%2Fwp%2Fv2%2Fcomments&post=65"}],"version-history":[{"count":56,"href":"https:\/\/raete24.com\/index.php?rest_route=\/wp\/v2\/pages\/65\/revisions"}],"predecessor-version":[{"id":439,"href":"https:\/\/raete24.com\/index.php?rest_route=\/wp\/v2\/pages\/65\/revisions\/439"}],"wp:attachment":[{"href":"https:\/\/raete24.com\/index.php?rest_route=%2Fwp%2Fv2%2Fmedia&parent=65"}],"curies":[{"name":"wp","href":"https:\/\/api.w.org\/{rel}","templated":true}]}}